{"id":755,"date":"2024-12-18T13:48:40","date_gmt":"2024-12-18T13:48:40","guid":{"rendered":"https:\/\/koeweitoliehandel.nl\/?page_id=755"},"modified":"2025-04-18T14:06:39","modified_gmt":"2025-04-18T14:06:39","slug":"annahmebedingungen","status":"publish","type":"page","link":"https:\/\/koeweitoliehandel.nl\/de\/acceptatievoorwaarden\/","title":{"rendered":"Akzeptanzbedingungen"},"content":{"rendered":"<div data-elementor-type=\"wp-page\" data-elementor-id=\"755\" class=\"elementor elementor-755\" data-elementor-post-type=\"page\">\n\t\t\t\t<div class=\"elementor-element elementor-element-edfb524 e-flex e-con-boxed e-con e-parent\" data-id=\"edfb524\" data-element_type=\"container\" data-settings=\"{&quot;background_background&quot;:&quot;classic&quot;}\">\n\t\t\t\t\t<div class=\"e-con-inner\">\n\t\t\t\t<div class=\"elementor-element elementor-element-0546b4e elementor-widget elementor-widget-heading\" data-id=\"0546b4e\" data-element_type=\"widget\" data-widget_type=\"heading.default\">\n\t\t\t\t<div class=\"elementor-widget-container\">\n\t\t\t\t\t<h1 class=\"elementor-heading-title elementor-size-default\">Akzeptanzbedingungen<\/h1>\t\t\t\t<\/div>\n\t\t\t\t<\/div>\n\t\t\t\t\t<\/div>\n\t\t\t\t<\/div>\n\t\t<div class=\"elementor-element elementor-element-7f4a84e e-flex e-con-boxed e-con e-parent\" data-id=\"7f4a84e\" data-element_type=\"container\" data-settings=\"{&quot;background_background&quot;:&quot;classic&quot;}\">\n\t\t\t\t\t<div class=\"e-con-inner\">\n\t\t\t\t\t<\/div>\n\t\t\t\t<\/div>\n\t\t<div class=\"elementor-element elementor-element-5b4199b e-flex e-con-boxed e-con e-parent\" data-id=\"5b4199b\" data-element_type=\"container\">\n\t\t\t\t\t<div class=\"e-con-inner\">\n\t\t<div class=\"elementor-element elementor-element-6d62a27 e-con-full e-flex e-con e-child\" data-id=\"6d62a27\" data-element_type=\"container\">\n\t\t\t\t<div class=\"elementor-element elementor-element-9fb1afd elementor-widget elementor-widget-breadcrumbs\" data-id=\"9fb1afd\" data-element_type=\"widget\" data-widget_type=\"breadcrumbs.default\">\n\t\t\t\t<div class=\"elementor-widget-container\">\n\t\t\t\t\t<p id=\"breadcrumbs\"><span><span><a href=\"https:\/\/koeweitoliehandel.nl\/de\/\">Startseite<\/a><\/span><\/span><\/p>\t\t\t\t<\/div>\n\t\t\t\t<\/div>\n\t\t\t\t<div class=\"elementor-element elementor-element-9fb763a elementor-position-inline-start elementor-mobile-position-inline-start elementor-view-default elementor-widget elementor-widget-icon-box\" data-id=\"9fb763a\" data-element_type=\"widget\" data-widget_type=\"icon-box.default\">\n\t\t\t\t<div class=\"elementor-widget-container\">\n\t\t\t\t\t\t\t<div class=\"elementor-icon-box-wrapper\">\n\n\t\t\t\t\t\t<div class=\"elementor-icon-box-icon\">\n\t\t\t\t<span  class=\"elementor-icon\">\n\t\t\t\t<svg xmlns=\"http:\/\/www.w3.org\/2000\/svg\" width=\"128\" height=\"128\" viewbox=\"0 0 128 128\"><title>BARREL<\/title><path d=\"M103.05,112.144V22.151a5.447,5.447,0,0,0-1.75-10.606H91.45V7A1.75,1.75,0,0,0,89.7,5.25H77.024A1.751,1.751,0,0,0,75.274,7v4.545H26.7a5.447,5.447,0,0,0-1.75,10.606v89.993A5.447,5.447,0,0,0,26.7,122.75h74.6a5.447,5.447,0,0,0,1.75-10.606Zm-74.6-.294V91.4h71.1V111.85Zm71.1-89.4V42.9H28.45V22.445Zm0,65.453H28.45V46.4h71.1ZM78.774,8.75H87.95v2.8H78.774ZM26.7,15.045h74.6a1.95,1.95,0,1,1,0,3.9H26.7a1.95,1.95,0,1,1,0-3.9ZM101.3,119.25H26.7a1.95,1.95,0,1,1,0-3.9h74.6a1.95,1.95,0,0,1,0,3.9Z\"><\/path><\/svg>\t\t\t\t<\/span>\n\t\t\t<\/div>\n\t\t\t\n\t\t\t\t\t\t<div class=\"elementor-icon-box-content\">\n\n\t\t\t\t\t\t\t\t\t<h3 class=\"elementor-icon-box-title\">\n\t\t\t\t\t\t<span  >\n\t\t\t\t\t\t\tAlt\u00f6l\t\t\t\t\t\t<\/span>\n\t\t\t\t\t<\/h3>\n\t\t\t\t\n\t\t\t\t\t\t\t\t\t<p class=\"elementor-icon-box-description\">\n\t\t\t\t\t\t<a style=\"color: #969696\" href=\"\/wp-content\/uploads\/V2-Acceptatievoorwaarden-Afgewerkte-olie.pdf\">Zeichnungsbedingungen einsehen \u00bb<\/a>\t\t\t\t\t<\/p>\n\t\t\t\t\n\t\t\t<\/div>\n\t\t\t\n\t\t<\/div>\n\t\t\t\t\t\t<\/div>\n\t\t\t\t<\/div>\n\t\t\t\t<div class=\"elementor-element elementor-element-133900a elementor-position-inline-start elementor-mobile-position-inline-start elementor-view-default elementor-widget elementor-widget-icon-box\" data-id=\"133900a\" data-element_type=\"widget\" data-widget_type=\"icon-box.default\">\n\t\t\t\t<div class=\"elementor-widget-container\">\n\t\t\t\t\t\t\t<div class=\"elementor-icon-box-wrapper\">\n\n\t\t\t\t\t\t<div class=\"elementor-icon-box-icon\">\n\t\t\t\t<span  class=\"elementor-icon\">\n\t\t\t\t<svg xmlns=\"http:\/\/www.w3.org\/2000\/svg\" width=\"128\" height=\"128\" viewbox=\"0 0 128 128\"><title>BARREL<\/title><path d=\"M103.05,112.144V22.151a5.447,5.447,0,0,0-1.75-10.606H91.45V7A1.75,1.75,0,0,0,89.7,5.25H77.024A1.751,1.751,0,0,0,75.274,7v4.545H26.7a5.447,5.447,0,0,0-1.75,10.606v89.993A5.447,5.447,0,0,0,26.7,122.75h74.6a5.447,5.447,0,0,0,1.75-10.606Zm-74.6-.294V91.4h71.1V111.85Zm71.1-89.4V42.9H28.45V22.445Zm0,65.453H28.45V46.4h71.1ZM78.774,8.75H87.95v2.8H78.774ZM26.7,15.045h74.6a1.95,1.95,0,1,1,0,3.9H26.7a1.95,1.95,0,1,1,0-3.9ZM101.3,119.25H26.7a1.95,1.95,0,1,1,0-3.9h74.6a1.95,1.95,0,0,1,0,3.9Z\"><\/path><\/svg>\t\t\t\t<\/span>\n\t\t\t<\/div>\n\t\t\t\n\t\t\t\t\t\t<div class=\"elementor-icon-box-content\">\n\n\t\t\t\t\t\t\t\t\t<h3 class=\"elementor-icon-box-title\">\n\t\t\t\t\t\t<span  >\n\t\t\t\t\t\t\tK\u00fchlmittel\t\t\t\t\t\t<\/span>\n\t\t\t\t\t<\/h3>\n\t\t\t\t\n\t\t\t\t\t\t\t\t\t<p class=\"elementor-icon-box-description\">\n\t\t\t\t\t\t<a style=\"color: #969696\" href=\"\/wp-content\/uploads\/V2-Acceptatievoorwaarden-Koelvloeistof-antivries.pdf\">Zeichnungsbedingungen einsehen \u00bb<\/a>\t\t\t\t\t<\/p>\n\t\t\t\t\n\t\t\t<\/div>\n\t\t\t\n\t\t<\/div>\n\t\t\t\t\t\t<\/div>\n\t\t\t\t<\/div>\n\t\t\t\t<div class=\"elementor-element elementor-element-f983e0f elementor-position-inline-start elementor-mobile-position-inline-start elementor-view-default elementor-widget elementor-widget-icon-box\" data-id=\"f983e0f\" data-element_type=\"widget\" data-widget_type=\"icon-box.default\">\n\t\t\t\t<div class=\"elementor-widget-container\">\n\t\t\t\t\t\t\t<div class=\"elementor-icon-box-wrapper\">\n\n\t\t\t\t\t\t<div class=\"elementor-icon-box-icon\">\n\t\t\t\t<span  class=\"elementor-icon\">\n\t\t\t\t<svg xmlns=\"http:\/\/www.w3.org\/2000\/svg\" width=\"128\" height=\"128\" viewbox=\"0 0 128 128\"><title>BARREL<\/title><path d=\"M103.05,112.144V22.151a5.447,5.447,0,0,0-1.75-10.606H91.45V7A1.75,1.75,0,0,0,89.7,5.25H77.024A1.751,1.751,0,0,0,75.274,7v4.545H26.7a5.447,5.447,0,0,0-1.75,10.606v89.993A5.447,5.447,0,0,0,26.7,122.75h74.6a5.447,5.447,0,0,0,1.75-10.606Zm-74.6-.294V91.4h71.1V111.85Zm71.1-89.4V42.9H28.45V22.445Zm0,65.453H28.45V46.4h71.1ZM78.774,8.75H87.95v2.8H78.774ZM26.7,15.045h74.6a1.95,1.95,0,1,1,0,3.9H26.7a1.95,1.95,0,1,1,0-3.9ZM101.3,119.25H26.7a1.95,1.95,0,1,1,0-3.9h74.6a1.95,1.95,0,0,1,0,3.9Z\"><\/path><\/svg>\t\t\t\t<\/span>\n\t\t\t<\/div>\n\t\t\t\n\t\t\t\t\t\t<div class=\"elementor-icon-box-content\">\n\n\t\t\t\t\t\t\t\t\t<h3 class=\"elementor-icon-box-title\">\n\t\t\t\t\t\t<span  >\n\t\t\t\t\t\t\tBremsfl\u00fcssigkeit\t\t\t\t\t\t<\/span>\n\t\t\t\t\t<\/h3>\n\t\t\t\t\n\t\t\t\t\t\t\t\t\t<p class=\"elementor-icon-box-description\">\n\t\t\t\t\t\t<a style=\"color: #969696\" href=\"\/wp-content\/uploads\/V2-Acceptatievoorwaarden-Remvloeistof.pdf\">Zeichnungsbedingungen einsehen \u00bb<\/a>\t\t\t\t\t<\/p>\n\t\t\t\t\n\t\t\t<\/div>\n\t\t\t\n\t\t<\/div>\n\t\t\t\t\t\t<\/div>\n\t\t\t\t<\/div>\n\t\t\t\t<div class=\"elementor-element elementor-element-2a9c8c1 elementor-position-inline-start elementor-mobile-position-inline-start elementor-view-default elementor-widget elementor-widget-icon-box\" data-id=\"2a9c8c1\" data-element_type=\"widget\" data-widget_type=\"icon-box.default\">\n\t\t\t\t<div class=\"elementor-widget-container\">\n\t\t\t\t\t\t\t<div class=\"elementor-icon-box-wrapper\">\n\n\t\t\t\t\t\t<div class=\"elementor-icon-box-icon\">\n\t\t\t\t<span  class=\"elementor-icon\">\n\t\t\t\t<svg xmlns=\"http:\/\/www.w3.org\/2000\/svg\" width=\"128\" height=\"128\" viewbox=\"0 0 128 128\"><title>BARREL<\/title><path d=\"M103.05,112.144V22.151a5.447,5.447,0,0,0-1.75-10.606H91.45V7A1.75,1.75,0,0,0,89.7,5.25H77.024A1.751,1.751,0,0,0,75.274,7v4.545H26.7a5.447,5.447,0,0,0-1.75,10.606v89.993A5.447,5.447,0,0,0,26.7,122.75h74.6a5.447,5.447,0,0,0,1.75-10.606Zm-74.6-.294V91.4h71.1V111.85Zm71.1-89.4V42.9H28.45V22.445Zm0,65.453H28.45V46.4h71.1ZM78.774,8.75H87.95v2.8H78.774ZM26.7,15.045h74.6a1.95,1.95,0,1,1,0,3.9H26.7a1.95,1.95,0,1,1,0-3.9ZM101.3,119.25H26.7a1.95,1.95,0,1,1,0-3.9h74.6a1.95,1.95,0,0,1,0,3.9Z\"><\/path><\/svg>\t\t\t\t<\/span>\n\t\t\t<\/div>\n\t\t\t\n\t\t\t\t\t\t<div class=\"elementor-icon-box-content\">\n\n\t\t\t\t\t\t\t\t\t<h3 class=\"elementor-icon-box-title\">\n\t\t\t\t\t\t<span  >\n\t\t\t\t\t\t\t\u00d6lhaltige Abf\u00e4lle &amp; \u00d6lfilter\t\t\t\t\t\t<\/span>\n\t\t\t\t\t<\/h3>\n\t\t\t\t\n\t\t\t\t\t\t\t\t\t<p class=\"elementor-icon-box-description\">\n\t\t\t\t\t\t<a style=\"color: #969696\" href=\"\/wp-content\/uploads\/V2-Acceptatievoorwaarden-oliehoudend-garage-afval-oliefilters.pdf\">Zeichnungsbedingungen einsehen \u00bb<\/a>\t\t\t\t\t<\/p>\n\t\t\t\t\n\t\t\t<\/div>\n\t\t\t\n\t\t<\/div>\n\t\t\t\t\t\t<\/div>\n\t\t\t\t<\/div>\n\t\t\t\t<div class=\"elementor-element elementor-element-1fb1150 elementor-align-left elementor-invisible elementor-widget elementor-widget-button\" data-id=\"1fb1150\" data-element_type=\"widget\" data-settings=\"{&quot;_animation&quot;:&quot;slideInUp&quot;}\" data-widget_type=\"button.default\">\n\t\t\t\t<div class=\"elementor-widget-container\">\n\t\t\t\t\t\t\t\t\t<div class=\"elementor-button-wrapper\">\n\t\t\t\t\t<a class=\"elementor-button elementor-button-link elementor-size-sm\" href=\"\/de\/einen-auftrag-weitergeben\/\">\n\t\t\t\t\t\t<span class=\"elementor-button-content-wrapper\">\n\t\t\t\t\t\t\t\t\t<span class=\"elementor-button-text\">Auftrag weitergeben<\/span>\n\t\t\t\t\t<\/span>\n\t\t\t\t\t<\/a>\n\t\t\t\t<\/div>\n\t\t\t\t\t\t\t\t<\/div>\n\t\t\t\t<\/div>\n\t\t\t\t<div class=\"elementor-element elementor-element-00d7ff5 bounce-text elementor-widget elementor-widget-text-editor\" data-id=\"00d7ff5\" data-element_type=\"widget\" data-widget_type=\"text-editor.default\">\n\t\t\t\t<div class=\"elementor-widget-container\">\n\t\t\t\t\t\t\t\t\t<p>Schnell und m\u00fchelos!<\/p>\t\t\t\t\t\t\t\t<\/div>\n\t\t\t\t<\/div>\n\t\t\t\t<\/div>\n\t\t\t\t\t<\/div>\n\t\t\t\t<\/div>\n\t\t\t\t<\/div>","protected":false},"excerpt":{"rendered":"<p>Annahmebedingungen BARREL Alt\u00f6l Annahmebedingungen ansehen \" BARREL K\u00fchlmittel Annahmebedingungen ansehen \" BARREL Bremsfl\u00fcssigkeit Annahmebedingungen ansehen \" BARREL \u00d6lhaltige Abf\u00e4lle &amp; \u00d6lfilter Annahmebedingungen ansehen \" Auftragserteilung Schnell und problemlos!<\/p>","protected":false},"author":1,"featured_media":838,"parent":0,"menu_order":0,"comment_status":"closed","ping_status":"closed","template":"","meta":{"inline_featured_image":false,"footnotes":""},"class_list":["post-755","page","type-page","status-publish","has-post-thumbnail","hentry"],"yoast_head":"<!-- This site is optimized with the Yoast SEO Premium plugin v27.3 (Yoast SEO v27.3) - https:\/\/yoast.com\/product\/yoast-seo-premium-wordpress\/ -->\n<title>Acceptatievoorwaarden - Koeweit Oliehandel<\/title>\n<meta name=\"robots\" content=\"noindex, follow\" \/>\n<meta property=\"og:locale\" content=\"de_DE\" \/>\n<meta property=\"og:type\" content=\"article\" \/>\n<meta property=\"og:title\" content=\"Acceptatievoorwaarden\" \/>\n<meta property=\"og:description\" content=\"Acceptatie voorwaarden BARREL Afgewerkte olie Bekijk acceptatievoorwaarden \u00bb BARREL Koelvloeistof Bekijk acceptatievoorwaarden \u00bb BARREL Remvloeistof Bekijk acceptatievoorwaarden \u00bb BARREL Oliehoudend afval &#038; oliefilters Bekijk acceptatievoorwaarden \u00bb Opdracht doorgeven Snel en zonder gedoe!\" \/>\n<meta property=\"og:url\" content=\"https:\/\/koeweitoliehandel.nl\/de\/annahmebedingungen\/\" \/>\n<meta property=\"og:site_name\" content=\"Koeweit Oliehandel\" \/>\n<meta property=\"article:modified_time\" content=\"2025-04-18T14:06:39+00:00\" \/>\n<meta property=\"og:image\" content=\"https:\/\/koeweitoliehandel.nl\/wp-content\/uploads\/Het-team-van-Koeweit-Oliehandel-3.png\" \/>\n\t<meta property=\"og:image:width\" content=\"800\" \/>\n\t<meta property=\"og:image:height\" content=\"533\" \/>\n\t<meta property=\"og:image:type\" content=\"image\/png\" \/>\n<meta name=\"twitter:card\" content=\"summary_large_image\" \/>\n<meta name=\"twitter:label1\" content=\"Gesch\u00e4tzte Lesezeit\" \/>\n\t<meta name=\"twitter:data1\" content=\"1\u00a0Minute\" \/>\n<script type=\"application\/ld+json\" class=\"yoast-schema-graph\">{\"@context\":\"https:\\\/\\\/schema.org\",\"@graph\":[{\"@type\":\"WebPage\",\"@id\":\"https:\\\/\\\/koeweitoliehandel.nl\\\/acceptatievoorwaarden\\\/\",\"url\":\"https:\\\/\\\/koeweitoliehandel.nl\\\/acceptatievoorwaarden\\\/\",\"name\":\"Acceptatievoorwaarden - Koeweit Oliehandel\",\"isPartOf\":{\"@id\":\"https:\\\/\\\/koeweitoliehandel.nl\\\/#website\"},\"primaryImageOfPage\":{\"@id\":\"https:\\\/\\\/koeweitoliehandel.nl\\\/acceptatievoorwaarden\\\/#primaryimage\"},\"image\":{\"@id\":\"https:\\\/\\\/koeweitoliehandel.nl\\\/acceptatievoorwaarden\\\/#primaryimage\"},\"thumbnailUrl\":\"https:\\\/\\\/koeweitoliehandel.nl\\\/wp-content\\\/uploads\\\/Het-team-van-Koeweit-Oliehandel-3.png\",\"datePublished\":\"2024-12-18T13:48:40+00:00\",\"dateModified\":\"2025-04-18T14:06:39+00:00\",\"breadcrumb\":{\"@id\":\"https:\\\/\\\/koeweitoliehandel.nl\\\/acceptatievoorwaarden\\\/#breadcrumb\"},\"inLanguage\":\"de\",\"potentialAction\":[{\"@type\":\"ReadAction\",\"target\":[\"https:\\\/\\\/koeweitoliehandel.nl\\\/acceptatievoorwaarden\\\/\"]}]},{\"@type\":\"ImageObject\",\"inLanguage\":\"de\",\"@id\":\"https:\\\/\\\/koeweitoliehandel.nl\\\/acceptatievoorwaarden\\\/#primaryimage\",\"url\":\"https:\\\/\\\/koeweitoliehandel.nl\\\/wp-content\\\/uploads\\\/Het-team-van-Koeweit-Oliehandel-3.png\",\"contentUrl\":\"https:\\\/\\\/koeweitoliehandel.nl\\\/wp-content\\\/uploads\\\/Het-team-van-Koeweit-Oliehandel-3.png\",\"width\":800,\"height\":533,\"caption\":\"Het team van Koeweit Oliehandel\"},{\"@type\":\"BreadcrumbList\",\"@id\":\"https:\\\/\\\/koeweitoliehandel.nl\\\/acceptatievoorwaarden\\\/#breadcrumb\",\"itemListElement\":[{\"@type\":\"ListItem\",\"position\":1,\"name\":\"Home\",\"item\":\"https:\\\/\\\/koeweitoliehandel.nl\\\/\"},{\"@type\":\"ListItem\",\"position\":2,\"name\":\"Acceptatievoorwaarden\"}]},{\"@type\":\"WebSite\",\"@id\":\"https:\\\/\\\/koeweitoliehandel.nl\\\/#website\",\"url\":\"https:\\\/\\\/koeweitoliehandel.nl\\\/\",\"name\":\"Koeweit Oliehandel\",\"description\":\"Koeweit Oliehandel is de inzamelaar van olie afvalstromen voor de industrie en automotive!\",\"publisher\":{\"@id\":\"https:\\\/\\\/koeweitoliehandel.nl\\\/#organization\"},\"potentialAction\":[{\"@type\":\"SearchAction\",\"target\":{\"@type\":\"EntryPoint\",\"urlTemplate\":\"https:\\\/\\\/koeweitoliehandel.nl\\\/?s={search_term_string}\"},\"query-input\":{\"@type\":\"PropertyValueSpecification\",\"valueRequired\":true,\"valueName\":\"search_term_string\"}}],\"inLanguage\":\"de\"},{\"@type\":[\"Organization\",\"Place\"],\"@id\":\"https:\\\/\\\/koeweitoliehandel.nl\\\/#organization\",\"name\":\"Koeweit Oliehandel\",\"url\":\"https:\\\/\\\/koeweitoliehandel.nl\\\/\",\"logo\":{\"@id\":\"https:\\\/\\\/koeweitoliehandel.nl\\\/acceptatievoorwaarden\\\/#local-main-organization-logo\"},\"image\":{\"@id\":\"https:\\\/\\\/koeweitoliehandel.nl\\\/acceptatievoorwaarden\\\/#local-main-organization-logo\"},\"sameAs\":[\"https:\\\/\\\/www.linkedin.com\\\/company\\\/koeweit-oliehandel\\\/\"],\"description\":\"Afvalbeheer is een uitdaging waar elk bedrijf mee te maken krijgt. Wij zijn er om die uitdaging eenvoudig en verantwoord op te lossen. Koeweit Oliehandel is gespecialiseerd in het inzamelen en verwerken van verschillende olie afvalstromen voor de industrie en automotive!\",\"legalName\":\"Koeweit Oliehandel B.V.\",\"foundingDate\":\"1947-01-01\",\"numberOfEmployees\":{\"@type\":\"QuantitativeValue\",\"minValue\":\"11\",\"maxValue\":\"50\"},\"address\":{\"@id\":\"https:\\\/\\\/koeweitoliehandel.nl\\\/acceptatievoorwaarden\\\/#local-main-place-address\"},\"geo\":{\"@type\":\"GeoCoordinates\",\"latitude\":\"52.53274437452525\",\"longitude\":\"5.524614241850977\"},\"telephone\":[],\"contactPoint\":{\"@type\":\"ContactPoint\",\"telephone\":\"+31 320 248 161\",\"email\":\"info@koeweitoliehandel.nl\"},\"openingHoursSpecification\":[{\"@type\":\"OpeningHoursSpecification\",\"dayOfWeek\":[\"Monday\",\"Tuesday\",\"Wednesday\",\"Thursday\",\"Friday\"],\"opens\":\"08:00\",\"closes\":\"16:30\"},{\"@type\":\"OpeningHoursSpecification\",\"dayOfWeek\":[\"Saturday\",\"Sunday\"],\"opens\":\"00:00\",\"closes\":\"00:00\"}],\"vatID\":\"NL855004988B02\"},{\"@type\":\"PostalAddress\",\"@id\":\"https:\\\/\\\/koeweitoliehandel.nl\\\/acceptatievoorwaarden\\\/#local-main-place-address\",\"streetAddress\":\"Asfaltstraat 20\",\"addressLocality\":\"Lelystad\",\"postalCode\":\"8211AC\",\"addressRegion\":\"Flevoland\",\"addressCountry\":\"NL\"},{\"@type\":\"ImageObject\",\"inLanguage\":\"de\",\"@id\":\"https:\\\/\\\/koeweitoliehandel.nl\\\/acceptatievoorwaarden\\\/#local-main-organization-logo\",\"url\":\"https:\\\/\\\/koeweitoliehandel.nl\\\/wp-content\\\/uploads\\\/2024\\\/12\\\/logo-1-1.png\",\"contentUrl\":\"https:\\\/\\\/koeweitoliehandel.nl\\\/wp-content\\\/uploads\\\/2024\\\/12\\\/logo-1-1.png\",\"width\":254,\"height\":78,\"caption\":\"Koeweit Oliehandel\"}]}<\/script>\n<meta name=\"geo.placename\" content=\"Lelystad\" \/>\n<meta name=\"geo.position\" content=\"52.53274437452525;5.524614241850977\" \/>\n<meta name=\"geo.region\" content=\"Niederlande\" \/>\n<!-- \/ Yoast SEO Premium plugin. -->","yoast_head_json":{"title":"Annahmebedingungen - Koeweit Oil Trade","robots":{"index":"noindex","follow":"follow"},"og_locale":"de_DE","og_type":"article","og_title":"Acceptatievoorwaarden","og_description":"Acceptatie voorwaarden BARREL Afgewerkte olie Bekijk acceptatievoorwaarden \u00bb BARREL Koelvloeistof Bekijk acceptatievoorwaarden \u00bb BARREL Remvloeistof Bekijk acceptatievoorwaarden \u00bb BARREL Oliehoudend afval &#038; oliefilters Bekijk acceptatievoorwaarden \u00bb Opdracht doorgeven Snel en zonder gedoe!","og_url":"https:\/\/koeweitoliehandel.nl\/de\/annahmebedingungen\/","og_site_name":"Koeweit Oliehandel","article_modified_time":"2025-04-18T14:06:39+00:00","og_image":[{"width":800,"height":533,"url":"https:\/\/koeweitoliehandel.nl\/wp-content\/uploads\/Het-team-van-Koeweit-Oliehandel-3.png","type":"image\/png"}],"twitter_card":"summary_large_image","twitter_misc":{"Gesch\u00e4tzte Lesezeit":"1\u00a0Minute"},"schema":{"@context":"https:\/\/schema.org","@graph":[{"@type":"WebPage","@id":"https:\/\/koeweitoliehandel.nl\/acceptatievoorwaarden\/","url":"https:\/\/koeweitoliehandel.nl\/acceptatievoorwaarden\/","name":"Annahmebedingungen - Koeweit Oil Trade","isPartOf":{"@id":"https:\/\/koeweitoliehandel.nl\/#website"},"primaryImageOfPage":{"@id":"https:\/\/koeweitoliehandel.nl\/acceptatievoorwaarden\/#primaryimage"},"image":{"@id":"https:\/\/koeweitoliehandel.nl\/acceptatievoorwaarden\/#primaryimage"},"thumbnailUrl":"https:\/\/koeweitoliehandel.nl\/wp-content\/uploads\/Het-team-van-Koeweit-Oliehandel-3.png","datePublished":"2024-12-18T13:48:40+00:00","dateModified":"2025-04-18T14:06:39+00:00","breadcrumb":{"@id":"https:\/\/koeweitoliehandel.nl\/acceptatievoorwaarden\/#breadcrumb"},"inLanguage":"de","potentialAction":[{"@type":"ReadAction","target":["https:\/\/koeweitoliehandel.nl\/acceptatievoorwaarden\/"]}]},{"@type":"ImageObject","inLanguage":"de","@id":"https:\/\/koeweitoliehandel.nl\/acceptatievoorwaarden\/#primaryimage","url":"https:\/\/koeweitoliehandel.nl\/wp-content\/uploads\/Het-team-van-Koeweit-Oliehandel-3.png","contentUrl":"https:\/\/koeweitoliehandel.nl\/wp-content\/uploads\/Het-team-van-Koeweit-Oliehandel-3.png","width":800,"height":533,"caption":"Het team van Koeweit Oliehandel"},{"@type":"BreadcrumbList","@id":"https:\/\/koeweitoliehandel.nl\/acceptatievoorwaarden\/#breadcrumb","itemListElement":[{"@type":"ListItem","position":1,"name":"Home","item":"https:\/\/koeweitoliehandel.nl\/"},{"@type":"ListItem","position":2,"name":"Acceptatievoorwaarden"}]},{"@type":"WebSite","@id":"https:\/\/koeweitoliehandel.nl\/#website","url":"https:\/\/koeweitoliehandel.nl\/","name":"Kuwait \u00d6lhandel","description":"Koeweit Oil Trade ist der Sammler von \u00d6labfallstr\u00f6men f\u00fcr die Industrie und die Automobilindustrie!","publisher":{"@id":"https:\/\/koeweitoliehandel.nl\/#organization"},"potentialAction":[{"@type":"SearchAction","target":{"@type":"EntryPoint","urlTemplate":"https:\/\/koeweitoliehandel.nl\/?s={search_term_string}"},"query-input":{"@type":"PropertyValueSpecification","valueRequired":true,"valueName":"search_term_string"}}],"inLanguage":"de"},{"@type":["Organization","Place"],"@id":"https:\/\/koeweitoliehandel.nl\/#organization","name":"Kuwait \u00d6lhandel","url":"https:\/\/koeweitoliehandel.nl\/","logo":{"@id":"https:\/\/koeweitoliehandel.nl\/acceptatievoorwaarden\/#local-main-organization-logo"},"image":{"@id":"https:\/\/koeweitoliehandel.nl\/acceptatievoorwaarden\/#local-main-organization-logo"},"sameAs":["https:\/\/www.linkedin.com\/company\/koeweit-oliehandel\/"],"description":"Die Abfallwirtschaft ist eine Herausforderung f\u00fcr jedes Unternehmen. Wir sind hier, um diese Herausforderung einfach und verantwortungsvoll zu l\u00f6sen. Koeweit Oil Trade ist auf die Sammlung und Aufbereitung verschiedener \u00d6labfallstr\u00f6me f\u00fcr die Industrie und die Automobilindustrie spezialisiert!","legalName":"Koeweit Oliehandel B.V.","foundingDate":"1947-01-01","numberOfEmployees":{"@type":"QuantitativeValue","minValue":"11","maxValue":"50"},"address":{"@id":"https:\/\/koeweitoliehandel.nl\/acceptatievoorwaarden\/#local-main-place-address"},"geo":{"@type":"GeoCoordinates","latitude":"52.53274437452525","longitude":"5.524614241850977"},"telephone":[],"contactPoint":{"@type":"ContactPoint","telephone":"+31 320 248 161","email":"info@koeweitoliehandel.nl"},"openingHoursSpecification":[{"@type":"OpeningHoursSpecification","dayOfWeek":["Monday","Tuesday","Wednesday","Thursday","Friday"],"opens":"08:00","closes":"16:30"},{"@type":"OpeningHoursSpecification","dayOfWeek":["Saturday","Sunday"],"opens":"00:00","closes":"00:00"}],"vatID":"NL855004988B02"},{"@type":"PostalAddress","@id":"https:\/\/koeweitoliehandel.nl\/acceptatievoorwaarden\/#local-main-place-address","streetAddress":"Asfaltstraat 20","addressLocality":"Lelystad","postalCode":"8211AC","addressRegion":"Flevoland","addressCountry":"NL"},{"@type":"ImageObject","inLanguage":"de","@id":"https:\/\/koeweitoliehandel.nl\/acceptatievoorwaarden\/#local-main-organization-logo","url":"https:\/\/koeweitoliehandel.nl\/wp-content\/uploads\/2024\/12\/logo-1-1.png","contentUrl":"https:\/\/koeweitoliehandel.nl\/wp-content\/uploads\/2024\/12\/logo-1-1.png","width":254,"height":78,"caption":"Koeweit Oliehandel"}]},"geo.placename":"Lelystad","geo.position":{"lat":"52.53274437452525","long":"5.524614241850977"},"geo.region":"Niederlande"},"_links":{"self":[{"href":"https:\/\/koeweitoliehandel.nl\/de\/wp-json\/wp\/v2\/pages\/755","targetHints":{"allow":["GET"]}}],"collection":[{"href":"https:\/\/koeweitoliehandel.nl\/de\/wp-json\/wp\/v2\/pages"}],"about":[{"href":"https:\/\/koeweitoliehandel.nl\/de\/wp-json\/wp\/v2\/types\/page"}],"author":[{"embeddable":true,"href":"https:\/\/koeweitoliehandel.nl\/de\/wp-json\/wp\/v2\/users\/1"}],"replies":[{"embeddable":true,"href":"https:\/\/koeweitoliehandel.nl\/de\/wp-json\/wp\/v2\/comments?post=755"}],"version-history":[{"count":0,"href":"https:\/\/koeweitoliehandel.nl\/de\/wp-json\/wp\/v2\/pages\/755\/revisions"}],"wp:featuredmedia":[{"embeddable":true,"href":"https:\/\/koeweitoliehandel.nl\/de\/wp-json\/wp\/v2\/media\/838"}],"wp:attachment":[{"href":"https:\/\/koeweitoliehandel.nl\/de\/wp-json\/wp\/v2\/media?parent=755"}],"curies":[{"name":"wp","href":"https:\/\/api.w.org\/{rel}","templated":true}]}}