{"id":47073,"date":"2026-04-30T14:58:36","date_gmt":"2026-04-30T12:58:36","guid":{"rendered":"https:\/\/koeweitoliehandel.nl\/?page_id=47073"},"modified":"2026-04-30T16:19:34","modified_gmt":"2026-04-30T14:19:34","slug":"vacatures","status":"publish","type":"page","link":"https:\/\/koeweitoliehandel.nl\/de\/vacatures\/","title":{"rendered":"Offene Stellen"},"content":{"rendered":"<div data-elementor-type=\"wp-page\" data-elementor-id=\"47073\" class=\"elementor elementor-47073\" data-elementor-post-type=\"page\">\n\t\t\t\t<div class=\"elementor-element elementor-element-5914972 e-flex e-con-boxed e-con e-parent\" data-id=\"5914972\" data-element_type=\"container\" data-e-type=\"container\" data-settings=\"{&quot;background_background&quot;:&quot;classic&quot;}\">\n\t\t\t\t\t<div class=\"e-con-inner\">\n\t\t\t\t<div class=\"elementor-element elementor-element-77eea42 elementor-widget elementor-widget-heading\" data-id=\"77eea42\" data-element_type=\"widget\" data-e-type=\"widget\" data-widget_type=\"heading.default\">\n\t\t\t\t<div class=\"elementor-widget-container\">\n\t\t\t\t\t<p class=\"elementor-heading-title elementor-size-default\">Werken bij het leukste bedrijf in de oliemarkt?<\/p>\t\t\t\t<\/div>\n\t\t\t\t<\/div>\n\t\t\t\t<div class=\"elementor-element elementor-element-b12a4d3 elementor-widget elementor-widget-heading\" data-id=\"b12a4d3\" data-element_type=\"widget\" data-e-type=\"widget\" data-widget_type=\"heading.default\">\n\t\t\t\t<div class=\"elementor-widget-container\">\n\t\t\t\t\t<h1 class=\"elementor-heading-title elementor-size-default\">Offene Stellen<\/h1>\t\t\t\t<\/div>\n\t\t\t\t<\/div>\n\t\t\t\t<div class=\"elementor-element elementor-element-3e7be9f elementor-align-left elementor-widget elementor-widget-button\" data-id=\"3e7be9f\" data-element_type=\"widget\" data-e-type=\"widget\" data-widget_type=\"button.default\">\n\t\t\t\t<div class=\"elementor-widget-container\">\n\t\t\t\t\t\t\t\t\t<div class=\"elementor-button-wrapper\">\n\t\t\t\t\t<a class=\"elementor-button elementor-button-link elementor-size-sm\" href=\"\/de\/uber-uns\/\">\n\t\t\t\t\t\t<span class=\"elementor-button-content-wrapper\">\n\t\t\t\t\t\t\t\t\t<span class=\"elementor-button-text\">Lesen Sie mehr \u00fcber uns<\/span>\n\t\t\t\t\t<\/span>\n\t\t\t\t\t<\/a>\n\t\t\t\t<\/div>\n\t\t\t\t\t\t\t\t<\/div>\n\t\t\t\t<\/div>\n\t\t\t\t\t<\/div>\n\t\t\t\t<\/div>\n\t\t<div class=\"elementor-element elementor-element-8e4628b e-flex e-con-boxed e-con e-parent\" data-id=\"8e4628b\" data-element_type=\"container\" data-e-type=\"container\" data-settings=\"{&quot;background_background&quot;:&quot;classic&quot;}\">\n\t\t\t\t\t<div class=\"e-con-inner\">\n\t\t\t\t\t<\/div>\n\t\t\t\t<\/div>\n\t\t<div class=\"elementor-element elementor-element-42bf409 e-flex e-con-boxed e-con e-parent\" data-id=\"42bf409\" data-element_type=\"container\" data-e-type=\"container\">\n\t\t\t\t\t<div class=\"e-con-inner\">\n\t\t<div class=\"elementor-element elementor-element-69c63a9 e-con-full e-flex e-con e-child\" data-id=\"69c63a9\" data-element_type=\"container\" data-e-type=\"container\">\n\t\t\t\t<div class=\"elementor-element elementor-element-d36859f elementor-widget elementor-widget-breadcrumbs\" data-id=\"d36859f\" data-element_type=\"widget\" data-e-type=\"widget\" data-widget_type=\"breadcrumbs.default\">\n\t\t\t\t<div class=\"elementor-widget-container\">\n\t\t\t\t\t<p id=\"breadcrumbs\"><span><span><a href=\"https:\/\/koeweitoliehandel.nl\/de\/\">Startseite<\/a><\/span><\/span><\/p>\t\t\t\t<\/div>\n\t\t\t\t<\/div>\n\t\t<div class=\"elementor-element elementor-element-d00b06d e-con-full e-flex e-con e-child\" data-id=\"d00b06d\" data-element_type=\"container\" data-e-type=\"container\" data-settings=\"{&quot;background_background&quot;:&quot;classic&quot;}\">\n\t\t<div class=\"elementor-element elementor-element-4fc2259 e-con-full e-flex e-con e-child\" data-id=\"4fc2259\" data-element_type=\"container\" data-e-type=\"container\">\n\t\t<div class=\"elementor-element elementor-element-04b5ee8 e-con-full e-flex e-con e-child\" data-id=\"04b5ee8\" data-element_type=\"container\" data-e-type=\"container\">\n\t\t\t\t<div class=\"elementor-element elementor-element-43b0819 elementor-widget__width-auto elementor-widget elementor-widget-heading\" data-id=\"43b0819\" data-element_type=\"widget\" data-e-type=\"widget\" data-widget_type=\"heading.default\">\n\t\t\t\t<div class=\"elementor-widget-container\">\n\t\t\t\t\t<p class=\"elementor-heading-title elementor-size-default\">Fulltime<\/p>\t\t\t\t<\/div>\n\t\t\t\t<\/div>\n\t\t\t\t<div class=\"elementor-element elementor-element-40815ab elementor-widget__width-auto elementor-widget elementor-widget-heading\" data-id=\"40815ab\" data-element_type=\"widget\" data-e-type=\"widget\" data-widget_type=\"heading.default\">\n\t\t\t\t<div class=\"elementor-widget-container\">\n\t\t\t\t\t<p class=\"elementor-heading-title elementor-size-default\">Rijbewijs C + Code 95<\/p>\t\t\t\t<\/div>\n\t\t\t\t<\/div>\n\t\t\t\t<\/div>\n\t\t\t\t<div class=\"elementor-element elementor-element-0081be0 elementor-widget elementor-widget-heading\" data-id=\"0081be0\" data-element_type=\"widget\" data-e-type=\"widget\" data-widget_type=\"heading.default\">\n\t\t\t\t<div class=\"elementor-widget-container\">\n\t\t\t\t\t<h2 class=\"elementor-heading-title elementor-size-default\">Chauffeur regio NH, ZH of FL<\/h2>\t\t\t\t<\/div>\n\t\t\t\t<\/div>\n\t\t\t\t<div class=\"elementor-element elementor-element-4a63d5a elementor-widget elementor-widget-text-editor\" data-id=\"4a63d5a\" data-element_type=\"widget\" data-e-type=\"widget\" data-widget_type=\"text-editor.default\">\n\t\t\t\t<div class=\"elementor-widget-container\">\n\t\t\t\t\t\t\t\t\tJe rijdt in je eigen regio en haalt gebruikte olie, koel- en remvloeistof en oliefilters op bij klanten. Je plant je ritten zelf, houdt je administratie netjes bij en zorgt goed voor je wagen en materiaal. Je bent het gezicht van ons bedrijf en weet hoe belangrijk een nette en betrouwbare indruk is.\t\t\t\t\t\t\t\t<\/div>\n\t\t\t\t<\/div>\n\t\t\t\t<\/div>\n\t\t<div class=\"elementor-element elementor-element-ce77c42 e-con-full e-flex e-con e-child\" data-id=\"ce77c42\" data-element_type=\"container\" data-e-type=\"container\">\n\t\t\t\t<div class=\"elementor-element elementor-element-ce180c4 elementor-hidden-tablet elementor-hidden-mobile elementor-widget elementor-widget-image\" data-id=\"ce180c4\" data-element_type=\"widget\" data-e-type=\"widget\" data-widget_type=\"image.default\">\n\t\t\t\t<div class=\"elementor-widget-container\">\n\t\t\t\t\t\t\t\t\t\t\t\t\t\t\t<img fetchpriority=\"high\" decoding=\"async\" width=\"800\" height=\"320\" src=\"https:\/\/koeweitoliehandel.nl\/wp-content\/uploads\/Titel-1.svg\" class=\"attachment-large size-large wp-image-47078\" alt=\"\" \/>\t\t\t\t\t\t\t\t\t\t\t\t\t\t\t<\/div>\n\t\t\t\t<\/div>\n\t\t\t\t<div class=\"elementor-element elementor-element-583fe98 elementor-align-right elementor-tablet-align-left elementor-mobile-align-left elementor-widget elementor-widget-button\" data-id=\"583fe98\" data-element_type=\"widget\" data-e-type=\"widget\" data-widget_type=\"button.default\">\n\t\t\t\t<div class=\"elementor-widget-container\">\n\t\t\t\t\t\t\t\t\t<div class=\"elementor-button-wrapper\">\n\t\t\t\t\t<a class=\"elementor-button elementor-button-link elementor-size-sm\" href=\"\/de\/vacatures\/chauffeur\/\">\n\t\t\t\t\t\t<span class=\"elementor-button-content-wrapper\">\n\t\t\t\t\t\t\t\t\t<span class=\"elementor-button-text\">Bekijk vacature<\/span>\n\t\t\t\t\t<\/span>\n\t\t\t\t\t<\/a>\n\t\t\t\t<\/div>\n\t\t\t\t\t\t\t\t<\/div>\n\t\t\t\t<\/div>\n\t\t\t\t<\/div>\n\t\t\t\t<\/div>\n\t\t\t\t<\/div>\n\t\t\t\t\t<\/div>\n\t\t\t\t<\/div>\n\t\t\t\t<\/div>","protected":false},"excerpt":{"rendered":"<p>Werken bij het leukste bedrijf in de oliemarkt? Vacatures Lees meer over ons Fulltime Rijbewijs C + Code 95 Chauffeur regio NH, ZH of FL Je rijdt in je eigen regio en haalt gebruikte olie, koel- en remvloeistof en oliefilters op bij klanten. Je plant je ritten zelf, houdt je administratie netjes bij en zorgt [&hellip;]<\/p>\n","protected":false},"author":1,"featured_media":36894,"parent":0,"menu_order":0,"comment_status":"closed","ping_status":"closed","template":"","meta":{"inline_featured_image":false,"footnotes":""},"class_list":["post-47073","page","type-page","status-publish","has-post-thumbnail","hentry"],"yoast_head":"<!-- This site is optimized with the Yoast SEO Premium plugin v27.4 (Yoast SEO v27.4) - https:\/\/yoast.com\/product\/yoast-seo-premium-wordpress\/ -->\n<title>Vacature - Werken in de oliemarkt - Koeweit Oliehandel<\/title>\n<meta name=\"description\" content=\"Bekijk de vacatures bij Koeweit Oliehandel en ontdek hoe het is om te werken bij een betrokken bedrijf in de inzameling van afgewerkte olie.\" \/>\n<meta name=\"robots\" content=\"index, follow, max-snippet:-1, max-image-preview:large, max-video-preview:-1\" \/>\n<link rel=\"canonical\" href=\"https:\/\/koeweitoliehandel.nl\/de\/vacatures\/\" \/>\n<meta property=\"og:locale\" content=\"de_DE\" \/>\n<meta property=\"og:type\" content=\"article\" \/>\n<meta property=\"og:title\" content=\"Vacatures\" \/>\n<meta property=\"og:description\" content=\"Bekijk de vacatures bij Koeweit Oliehandel en ontdek hoe het is om te werken bij een betrokken bedrijf in de inzameling van afgewerkte olie.\" \/>\n<meta property=\"og:url\" content=\"https:\/\/koeweitoliehandel.nl\/de\/vacatures\/\" \/>\n<meta property=\"og:site_name\" content=\"Koeweit Oliehandel\" \/>\n<meta property=\"article:modified_time\" content=\"2026-04-30T14:19:34+00:00\" \/>\n<meta property=\"og:image\" content=\"https:\/\/koeweitoliehandel.nl\/wp-content\/uploads\/1756378123192.jpg\" \/>\n\t<meta property=\"og:image:width\" content=\"1600\" \/>\n\t<meta property=\"og:image:height\" content=\"1200\" \/>\n\t<meta property=\"og:image:type\" content=\"image\/jpeg\" \/>\n<meta name=\"twitter:card\" content=\"summary_large_image\" \/>\n<meta name=\"twitter:label1\" content=\"Gesch\u00e4tzte Lesezeit\" \/>\n\t<meta name=\"twitter:data1\" content=\"1\u00a0Minute\" \/>\n<script type=\"application\/ld+json\" class=\"yoast-schema-graph\">{\"@context\":\"https:\\\/\\\/schema.org\",\"@graph\":[{\"@type\":\"WebPage\",\"@id\":\"https:\\\/\\\/koeweitoliehandel.nl\\\/vacatures\\\/\",\"url\":\"https:\\\/\\\/koeweitoliehandel.nl\\\/vacatures\\\/\",\"name\":\"Vacature - Werken in de oliemarkt - Koeweit Oliehandel\",\"isPartOf\":{\"@id\":\"https:\\\/\\\/koeweitoliehandel.nl\\\/#website\"},\"primaryImageOfPage\":{\"@id\":\"https:\\\/\\\/koeweitoliehandel.nl\\\/vacatures\\\/#primaryimage\"},\"image\":{\"@id\":\"https:\\\/\\\/koeweitoliehandel.nl\\\/vacatures\\\/#primaryimage\"},\"thumbnailUrl\":\"https:\\\/\\\/koeweitoliehandel.nl\\\/wp-content\\\/uploads\\\/1756378123192.jpg\",\"datePublished\":\"2026-04-30T12:58:36+00:00\",\"dateModified\":\"2026-04-30T14:19:34+00:00\",\"description\":\"Bekijk de vacatures bij Koeweit Oliehandel en ontdek hoe het is om te werken bij een betrokken bedrijf in de inzameling van afgewerkte olie.\",\"breadcrumb\":{\"@id\":\"https:\\\/\\\/koeweitoliehandel.nl\\\/vacatures\\\/#breadcrumb\"},\"inLanguage\":\"de\",\"potentialAction\":[{\"@type\":\"ReadAction\",\"target\":[\"https:\\\/\\\/koeweitoliehandel.nl\\\/vacatures\\\/\"]}]},{\"@type\":\"ImageObject\",\"inLanguage\":\"de\",\"@id\":\"https:\\\/\\\/koeweitoliehandel.nl\\\/vacatures\\\/#primaryimage\",\"url\":\"https:\\\/\\\/koeweitoliehandel.nl\\\/wp-content\\\/uploads\\\/1756378123192.jpg\",\"contentUrl\":\"https:\\\/\\\/koeweitoliehandel.nl\\\/wp-content\\\/uploads\\\/1756378123192.jpg\",\"width\":1600,\"height\":1200,\"caption\":\"Investeren in capaciteit \u00e9n vertrouwen met deze olie-inzamelwagens\"},{\"@type\":\"BreadcrumbList\",\"@id\":\"https:\\\/\\\/koeweitoliehandel.nl\\\/vacatures\\\/#breadcrumb\",\"itemListElement\":[{\"@type\":\"ListItem\",\"position\":1,\"name\":\"Home\",\"item\":\"https:\\\/\\\/koeweitoliehandel.nl\\\/\"},{\"@type\":\"ListItem\",\"position\":2,\"name\":\"Vacatures\"}]},{\"@type\":\"WebSite\",\"@id\":\"https:\\\/\\\/koeweitoliehandel.nl\\\/#website\",\"url\":\"https:\\\/\\\/koeweitoliehandel.nl\\\/\",\"name\":\"Koeweit Oliehandel\",\"description\":\"Koeweit Oliehandel is de inzamelaar van olie afvalstromen voor de industrie en automotive!\",\"publisher\":{\"@id\":\"https:\\\/\\\/koeweitoliehandel.nl\\\/#organization\"},\"potentialAction\":[{\"@type\":\"SearchAction\",\"target\":{\"@type\":\"EntryPoint\",\"urlTemplate\":\"https:\\\/\\\/koeweitoliehandel.nl\\\/?s={search_term_string}\"},\"query-input\":{\"@type\":\"PropertyValueSpecification\",\"valueRequired\":true,\"valueName\":\"search_term_string\"}}],\"inLanguage\":\"de\"},{\"@type\":[\"Organization\",\"Place\"],\"@id\":\"https:\\\/\\\/koeweitoliehandel.nl\\\/#organization\",\"name\":\"Koeweit Oliehandel\",\"url\":\"https:\\\/\\\/koeweitoliehandel.nl\\\/\",\"logo\":{\"@id\":\"https:\\\/\\\/koeweitoliehandel.nl\\\/vacatures\\\/#local-main-organization-logo\"},\"image\":{\"@id\":\"https:\\\/\\\/koeweitoliehandel.nl\\\/vacatures\\\/#local-main-organization-logo\"},\"sameAs\":[\"https:\\\/\\\/www.linkedin.com\\\/company\\\/koeweit-oliehandel\\\/\"],\"description\":\"Afvalbeheer is een uitdaging waar elk bedrijf mee te maken krijgt. Wij zijn er om die uitdaging eenvoudig en verantwoord op te lossen. Koeweit Oliehandel is gespecialiseerd in het inzamelen en verwerken van verschillende olie afvalstromen voor de industrie en automotive!\",\"legalName\":\"Koeweit Oliehandel B.V.\",\"foundingDate\":\"1947-01-01\",\"numberOfEmployees\":{\"@type\":\"QuantitativeValue\",\"minValue\":\"11\",\"maxValue\":\"50\"},\"address\":{\"@id\":\"https:\\\/\\\/koeweitoliehandel.nl\\\/vacatures\\\/#local-main-place-address\"},\"geo\":{\"@type\":\"GeoCoordinates\",\"latitude\":\"52.53274437452525\",\"longitude\":\"5.524614241850977\"},\"telephone\":[],\"contactPoint\":{\"@type\":\"ContactPoint\",\"telephone\":\"+31 320 248 161\",\"email\":\"info@koeweitoliehandel.nl\"},\"openingHoursSpecification\":[{\"@type\":\"OpeningHoursSpecification\",\"dayOfWeek\":[\"Monday\",\"Tuesday\",\"Wednesday\",\"Thursday\",\"Friday\"],\"opens\":\"08:00\",\"closes\":\"16:30\"},{\"@type\":\"OpeningHoursSpecification\",\"dayOfWeek\":[\"Saturday\",\"Sunday\"],\"opens\":\"00:00\",\"closes\":\"00:00\"}],\"vatID\":\"NL855004988B02\"},{\"@type\":\"PostalAddress\",\"@id\":\"https:\\\/\\\/koeweitoliehandel.nl\\\/vacatures\\\/#local-main-place-address\",\"streetAddress\":\"Asfaltstraat 20\",\"addressLocality\":\"Lelystad\",\"postalCode\":\"8211AC\",\"addressRegion\":\"Flevoland\",\"addressCountry\":\"NL\"},{\"@type\":\"ImageObject\",\"inLanguage\":\"de\",\"@id\":\"https:\\\/\\\/koeweitoliehandel.nl\\\/vacatures\\\/#local-main-organization-logo\",\"url\":\"https:\\\/\\\/koeweitoliehandel.nl\\\/wp-content\\\/uploads\\\/2024\\\/12\\\/logo-1-1.png\",\"contentUrl\":\"https:\\\/\\\/koeweitoliehandel.nl\\\/wp-content\\\/uploads\\\/2024\\\/12\\\/logo-1-1.png\",\"width\":254,\"height\":78,\"caption\":\"Koeweit Oliehandel\"}]}<\/script>\n<meta name=\"geo.placename\" content=\"Lelystad\" \/>\n<meta name=\"geo.position\" content=\"52.53274437452525;5.524614241850977\" \/>\n<meta name=\"geo.region\" content=\"Niederlande\" \/>\n<!-- \/ Yoast SEO Premium plugin. -->","yoast_head_json":{"title":"Vacature - Werken in de oliemarkt - Koeweit Oliehandel","description":"Bekijk de vacatures bij Koeweit Oliehandel en ontdek hoe het is om te werken bij een betrokken bedrijf in de inzameling van afgewerkte olie.","robots":{"index":"index","follow":"follow","max-snippet":"max-snippet:-1","max-image-preview":"max-image-preview:large","max-video-preview":"max-video-preview:-1"},"canonical":"https:\/\/koeweitoliehandel.nl\/de\/vacatures\/","og_locale":"de_DE","og_type":"article","og_title":"Vacatures","og_description":"Bekijk de vacatures bij Koeweit Oliehandel en ontdek hoe het is om te werken bij een betrokken bedrijf in de inzameling van afgewerkte olie.","og_url":"https:\/\/koeweitoliehandel.nl\/de\/vacatures\/","og_site_name":"Koeweit Oliehandel","article_modified_time":"2026-04-30T14:19:34+00:00","og_image":[{"width":1600,"height":1200,"url":"https:\/\/koeweitoliehandel.nl\/wp-content\/uploads\/1756378123192.jpg","type":"image\/jpeg"}],"twitter_card":"summary_large_image","twitter_misc":{"Gesch\u00e4tzte Lesezeit":"1\u00a0Minute"},"schema":{"@context":"https:\/\/schema.org","@graph":[{"@type":"WebPage","@id":"https:\/\/koeweitoliehandel.nl\/vacatures\/","url":"https:\/\/koeweitoliehandel.nl\/vacatures\/","name":"Vacature - Werken in de oliemarkt - Koeweit Oliehandel","isPartOf":{"@id":"https:\/\/koeweitoliehandel.nl\/#website"},"primaryImageOfPage":{"@id":"https:\/\/koeweitoliehandel.nl\/vacatures\/#primaryimage"},"image":{"@id":"https:\/\/koeweitoliehandel.nl\/vacatures\/#primaryimage"},"thumbnailUrl":"https:\/\/koeweitoliehandel.nl\/wp-content\/uploads\/1756378123192.jpg","datePublished":"2026-04-30T12:58:36+00:00","dateModified":"2026-04-30T14:19:34+00:00","description":"Bekijk de vacatures bij Koeweit Oliehandel en ontdek hoe het is om te werken bij een betrokken bedrijf in de inzameling van afgewerkte olie.","breadcrumb":{"@id":"https:\/\/koeweitoliehandel.nl\/vacatures\/#breadcrumb"},"inLanguage":"de","potentialAction":[{"@type":"ReadAction","target":["https:\/\/koeweitoliehandel.nl\/vacatures\/"]}]},{"@type":"ImageObject","inLanguage":"de","@id":"https:\/\/koeweitoliehandel.nl\/vacatures\/#primaryimage","url":"https:\/\/koeweitoliehandel.nl\/wp-content\/uploads\/1756378123192.jpg","contentUrl":"https:\/\/koeweitoliehandel.nl\/wp-content\/uploads\/1756378123192.jpg","width":1600,"height":1200,"caption":"Investeren in capaciteit \u00e9n vertrouwen met deze olie-inzamelwagens"},{"@type":"BreadcrumbList","@id":"https:\/\/koeweitoliehandel.nl\/vacatures\/#breadcrumb","itemListElement":[{"@type":"ListItem","position":1,"name":"Home","item":"https:\/\/koeweitoliehandel.nl\/"},{"@type":"ListItem","position":2,"name":"Vacatures"}]},{"@type":"WebSite","@id":"https:\/\/koeweitoliehandel.nl\/#website","url":"https:\/\/koeweitoliehandel.nl\/","name":"Kuwait \u00d6lhandel","description":"Koeweit Oil Trade ist der Sammler von \u00d6labfallstr\u00f6men f\u00fcr die Industrie und die Automobilindustrie!","publisher":{"@id":"https:\/\/koeweitoliehandel.nl\/#organization"},"potentialAction":[{"@type":"SearchAction","target":{"@type":"EntryPoint","urlTemplate":"https:\/\/koeweitoliehandel.nl\/?s={search_term_string}"},"query-input":{"@type":"PropertyValueSpecification","valueRequired":true,"valueName":"search_term_string"}}],"inLanguage":"de"},{"@type":["Organization","Place"],"@id":"https:\/\/koeweitoliehandel.nl\/#organization","name":"Kuwait \u00d6lhandel","url":"https:\/\/koeweitoliehandel.nl\/","logo":{"@id":"https:\/\/koeweitoliehandel.nl\/vacatures\/#local-main-organization-logo"},"image":{"@id":"https:\/\/koeweitoliehandel.nl\/vacatures\/#local-main-organization-logo"},"sameAs":["https:\/\/www.linkedin.com\/company\/koeweit-oliehandel\/"],"description":"Die Abfallwirtschaft ist eine Herausforderung f\u00fcr jedes Unternehmen. Wir sind hier, um diese Herausforderung einfach und verantwortungsvoll zu l\u00f6sen. Koeweit Oil Trade ist auf die Sammlung und Aufbereitung verschiedener \u00d6labfallstr\u00f6me f\u00fcr die Industrie und die Automobilindustrie spezialisiert!","legalName":"Koeweit Oliehandel B.V.","foundingDate":"1947-01-01","numberOfEmployees":{"@type":"QuantitativeValue","minValue":"11","maxValue":"50"},"address":{"@id":"https:\/\/koeweitoliehandel.nl\/vacatures\/#local-main-place-address"},"geo":{"@type":"GeoCoordinates","latitude":"52.53274437452525","longitude":"5.524614241850977"},"telephone":[],"contactPoint":{"@type":"ContactPoint","telephone":"+31 320 248 161","email":"info@koeweitoliehandel.nl"},"openingHoursSpecification":[{"@type":"OpeningHoursSpecification","dayOfWeek":["Monday","Tuesday","Wednesday","Thursday","Friday"],"opens":"08:00","closes":"16:30"},{"@type":"OpeningHoursSpecification","dayOfWeek":["Saturday","Sunday"],"opens":"00:00","closes":"00:00"}],"vatID":"NL855004988B02"},{"@type":"PostalAddress","@id":"https:\/\/koeweitoliehandel.nl\/vacatures\/#local-main-place-address","streetAddress":"Asfaltstraat 20","addressLocality":"Lelystad","postalCode":"8211AC","addressRegion":"Flevoland","addressCountry":"NL"},{"@type":"ImageObject","inLanguage":"de","@id":"https:\/\/koeweitoliehandel.nl\/vacatures\/#local-main-organization-logo","url":"https:\/\/koeweitoliehandel.nl\/wp-content\/uploads\/2024\/12\/logo-1-1.png","contentUrl":"https:\/\/koeweitoliehandel.nl\/wp-content\/uploads\/2024\/12\/logo-1-1.png","width":254,"height":78,"caption":"Koeweit Oliehandel"}]},"geo.placename":"Lelystad","geo.position":{"lat":"52.53274437452525","long":"5.524614241850977"},"geo.region":"Niederlande"},"_links":{"self":[{"href":"https:\/\/koeweitoliehandel.nl\/de\/wp-json\/wp\/v2\/pages\/47073","targetHints":{"allow":["GET"]}}],"collection":[{"href":"https:\/\/koeweitoliehandel.nl\/de\/wp-json\/wp\/v2\/pages"}],"about":[{"href":"https:\/\/koeweitoliehandel.nl\/de\/wp-json\/wp\/v2\/types\/page"}],"author":[{"embeddable":true,"href":"https:\/\/koeweitoliehandel.nl\/de\/wp-json\/wp\/v2\/users\/1"}],"replies":[{"embeddable":true,"href":"https:\/\/koeweitoliehandel.nl\/de\/wp-json\/wp\/v2\/comments?post=47073"}],"version-history":[{"count":5,"href":"https:\/\/koeweitoliehandel.nl\/de\/wp-json\/wp\/v2\/pages\/47073\/revisions"}],"predecessor-version":[{"id":47092,"href":"https:\/\/koeweitoliehandel.nl\/de\/wp-json\/wp\/v2\/pages\/47073\/revisions\/47092"}],"wp:featuredmedia":[{"embeddable":true,"href":"https:\/\/koeweitoliehandel.nl\/de\/wp-json\/wp\/v2\/media\/36894"}],"wp:attachment":[{"href":"https:\/\/koeweitoliehandel.nl\/de\/wp-json\/wp\/v2\/media?parent=47073"}],"curies":[{"name":"wp","href":"https:\/\/api.w.org\/{rel}","templated":true}]}}