{"id":313,"date":"2024-12-09T09:55:10","date_gmt":"2024-12-09T09:55:10","guid":{"rendered":"https:\/\/koeweitoliehandel.nl\/?page_id=313"},"modified":"2025-04-18T14:18:04","modified_gmt":"2025-04-18T14:18:04","slug":"cookies","status":"publish","type":"page","link":"https:\/\/koeweitoliehandel.nl\/de\/cookies\/","title":{"rendered":"Cookies"},"content":{"rendered":"<div data-elementor-type=\"wp-page\" data-elementor-id=\"313\" class=\"elementor elementor-313\" data-elementor-post-type=\"page\">\n\t\t\t\t<div class=\"elementor-element elementor-element-edfb524 e-flex e-con-boxed e-con e-parent\" data-id=\"edfb524\" data-element_type=\"container\" data-settings=\"{&quot;background_background&quot;:&quot;classic&quot;}\">\n\t\t\t\t\t<div class=\"e-con-inner\">\n\t\t\t\t<div class=\"elementor-element elementor-element-0546b4e elementor-widget elementor-widget-heading\" data-id=\"0546b4e\" data-element_type=\"widget\" data-widget_type=\"heading.default\">\n\t\t\t\t<div class=\"elementor-widget-container\">\n\t\t\t\t\t<h1 class=\"elementor-heading-title elementor-size-default\">Cookies<\/h1>\t\t\t\t<\/div>\n\t\t\t\t<\/div>\n\t\t\t\t\t<\/div>\n\t\t\t\t<\/div>\n\t\t<div class=\"elementor-element elementor-element-9a8dfa3 e-flex e-con-boxed e-con e-parent\" data-id=\"9a8dfa3\" data-element_type=\"container\" data-settings=\"{&quot;background_background&quot;:&quot;classic&quot;}\">\n\t\t\t\t\t<div class=\"e-con-inner\">\n\t\t\t\t\t<\/div>\n\t\t\t\t<\/div>\n\t\t<div class=\"elementor-element elementor-element-5b4199b e-flex e-con-boxed e-con e-parent\" data-id=\"5b4199b\" data-element_type=\"container\">\n\t\t\t\t\t<div class=\"e-con-inner\">\n\t\t<div class=\"elementor-element elementor-element-6d62a27 e-con-full e-flex e-con e-child\" data-id=\"6d62a27\" data-element_type=\"container\">\n\t\t\t\t<div class=\"elementor-element elementor-element-8764bd1 elementor-widget elementor-widget-breadcrumbs\" data-id=\"8764bd1\" data-element_type=\"widget\" data-widget_type=\"breadcrumbs.default\">\n\t\t\t\t<div class=\"elementor-widget-container\">\n\t\t\t\t\t<p id=\"breadcrumbs\"><span><span><a href=\"https:\/\/koeweitoliehandel.nl\/de\/\">Startseite<\/a><\/span><\/span><\/p>\t\t\t\t<\/div>\n\t\t\t\t<\/div>\n\t\t\t\t<div class=\"elementor-element elementor-element-465d3c3 elementor-widget elementor-widget-html\" data-id=\"465d3c3\" data-element_type=\"widget\" data-widget_type=\"html.default\">\n\t\t\t\t<div class=\"elementor-widget-container\">\n\t\t\t\t\t<script id=\"CookieDeclaration\" src=\"https:\/\/consent.cookiebot.com\/c56cd504-4bba-4844-b401-dae4c887371f\/cd.js\" type=\"text\/javascript\" async><\/script>\t\t\t\t<\/div>\n\t\t\t\t<\/div>\n\t\t\t\t<\/div>\n\t\t\t\t\t<\/div>\n\t\t\t\t<\/div>\n\t\t\t\t<\/div>","protected":false},"excerpt":{"rendered":"<p>Cookies<\/p>","protected":false},"author":1,"featured_media":701,"parent":0,"menu_order":0,"comment_status":"closed","ping_status":"closed","template":"","meta":{"inline_featured_image":false,"footnotes":""},"class_list":["post-313","page","type-page","status-publish","has-post-thumbnail","hentry"],"yoast_head":"<!-- This site is optimized with the Yoast SEO Premium plugin v27.3 (Yoast SEO v27.3) - https:\/\/yoast.com\/product\/yoast-seo-premium-wordpress\/ -->\n<title>Cookies - Koeweit Oliehandel<\/title>\n<meta name=\"robots\" content=\"noindex, follow\" \/>\n<meta property=\"og:locale\" content=\"de_DE\" \/>\n<meta property=\"og:type\" content=\"article\" \/>\n<meta property=\"og:title\" content=\"Cookies\" \/>\n<meta property=\"og:description\" content=\"Cookies\" \/>\n<meta property=\"og:url\" content=\"https:\/\/koeweitoliehandel.nl\/de\/cookies\/\" \/>\n<meta property=\"og:site_name\" content=\"Koeweit Oliehandel\" \/>\n<meta property=\"article:modified_time\" content=\"2025-04-18T14:18:04+00:00\" \/>\n<meta property=\"og:image\" content=\"https:\/\/koeweitoliehandel.nl\/wp-content\/uploads\/IMG_0162-scaled.jpeg\" \/>\n\t<meta property=\"og:image:width\" content=\"2560\" \/>\n\t<meta property=\"og:image:height\" content=\"1920\" \/>\n\t<meta property=\"og:image:type\" content=\"image\/jpeg\" \/>\n<meta name=\"twitter:card\" content=\"summary_large_image\" \/>\n<meta name=\"twitter:label1\" content=\"Gesch\u00e4tzte Lesezeit\" \/>\n\t<meta name=\"twitter:data1\" content=\"4\u00a0Minuten\" \/>\n<script type=\"application\/ld+json\" class=\"yoast-schema-graph\">{\"@context\":\"https:\\\/\\\/schema.org\",\"@graph\":[{\"@type\":\"WebPage\",\"@id\":\"https:\\\/\\\/koeweitoliehandel.nl\\\/cookies\\\/\",\"url\":\"https:\\\/\\\/koeweitoliehandel.nl\\\/cookies\\\/\",\"name\":\"Cookies - Koeweit Oliehandel\",\"isPartOf\":{\"@id\":\"https:\\\/\\\/koeweitoliehandel.nl\\\/#website\"},\"primaryImageOfPage\":{\"@id\":\"https:\\\/\\\/koeweitoliehandel.nl\\\/cookies\\\/#primaryimage\"},\"image\":{\"@id\":\"https:\\\/\\\/koeweitoliehandel.nl\\\/cookies\\\/#primaryimage\"},\"thumbnailUrl\":\"https:\\\/\\\/koeweitoliehandel.nl\\\/wp-content\\\/uploads\\\/IMG_0162-scaled.jpeg\",\"datePublished\":\"2024-12-09T09:55:10+00:00\",\"dateModified\":\"2025-04-18T14:18:04+00:00\",\"breadcrumb\":{\"@id\":\"https:\\\/\\\/koeweitoliehandel.nl\\\/cookies\\\/#breadcrumb\"},\"inLanguage\":\"de\",\"potentialAction\":[{\"@type\":\"ReadAction\",\"target\":[\"https:\\\/\\\/koeweitoliehandel.nl\\\/cookies\\\/\"]}]},{\"@type\":\"ImageObject\",\"inLanguage\":\"de\",\"@id\":\"https:\\\/\\\/koeweitoliehandel.nl\\\/cookies\\\/#primaryimage\",\"url\":\"https:\\\/\\\/koeweitoliehandel.nl\\\/wp-content\\\/uploads\\\/IMG_0162-scaled.jpeg\",\"contentUrl\":\"https:\\\/\\\/koeweitoliehandel.nl\\\/wp-content\\\/uploads\\\/IMG_0162-scaled.jpeg\",\"width\":2560,\"height\":1920,\"caption\":\"Over ons Kantoor Koeweit Oliehandel in Lelystad\"},{\"@type\":\"BreadcrumbList\",\"@id\":\"https:\\\/\\\/koeweitoliehandel.nl\\\/cookies\\\/#breadcrumb\",\"itemListElement\":[{\"@type\":\"ListItem\",\"position\":1,\"name\":\"Home\",\"item\":\"https:\\\/\\\/koeweitoliehandel.nl\\\/\"},{\"@type\":\"ListItem\",\"position\":2,\"name\":\"Cookies\"}]},{\"@type\":\"WebSite\",\"@id\":\"https:\\\/\\\/koeweitoliehandel.nl\\\/#website\",\"url\":\"https:\\\/\\\/koeweitoliehandel.nl\\\/\",\"name\":\"Koeweit Oliehandel\",\"description\":\"Koeweit Oliehandel is de inzamelaar van olie afvalstromen voor de industrie en automotive!\",\"publisher\":{\"@id\":\"https:\\\/\\\/koeweitoliehandel.nl\\\/#organization\"},\"potentialAction\":[{\"@type\":\"SearchAction\",\"target\":{\"@type\":\"EntryPoint\",\"urlTemplate\":\"https:\\\/\\\/koeweitoliehandel.nl\\\/?s={search_term_string}\"},\"query-input\":{\"@type\":\"PropertyValueSpecification\",\"valueRequired\":true,\"valueName\":\"search_term_string\"}}],\"inLanguage\":\"de\"},{\"@type\":[\"Organization\",\"Place\"],\"@id\":\"https:\\\/\\\/koeweitoliehandel.nl\\\/#organization\",\"name\":\"Koeweit Oliehandel\",\"url\":\"https:\\\/\\\/koeweitoliehandel.nl\\\/\",\"logo\":{\"@id\":\"https:\\\/\\\/koeweitoliehandel.nl\\\/cookies\\\/#local-main-organization-logo\"},\"image\":{\"@id\":\"https:\\\/\\\/koeweitoliehandel.nl\\\/cookies\\\/#local-main-organization-logo\"},\"sameAs\":[\"https:\\\/\\\/www.linkedin.com\\\/company\\\/koeweit-oliehandel\\\/\"],\"description\":\"Afvalbeheer is een uitdaging waar elk bedrijf mee te maken krijgt. Wij zijn er om die uitdaging eenvoudig en verantwoord op te lossen. Koeweit Oliehandel is gespecialiseerd in het inzamelen en verwerken van verschillende olie afvalstromen voor de industrie en automotive!\",\"legalName\":\"Koeweit Oliehandel B.V.\",\"foundingDate\":\"1947-01-01\",\"numberOfEmployees\":{\"@type\":\"QuantitativeValue\",\"minValue\":\"11\",\"maxValue\":\"50\"},\"address\":{\"@id\":\"https:\\\/\\\/koeweitoliehandel.nl\\\/cookies\\\/#local-main-place-address\"},\"geo\":{\"@type\":\"GeoCoordinates\",\"latitude\":\"52.53274437452525\",\"longitude\":\"5.524614241850977\"},\"telephone\":[],\"contactPoint\":{\"@type\":\"ContactPoint\",\"telephone\":\"+31 320 248 161\",\"email\":\"info@koeweitoliehandel.nl\"},\"openingHoursSpecification\":[{\"@type\":\"OpeningHoursSpecification\",\"dayOfWeek\":[\"Monday\",\"Tuesday\",\"Wednesday\",\"Thursday\",\"Friday\"],\"opens\":\"08:00\",\"closes\":\"16:30\"},{\"@type\":\"OpeningHoursSpecification\",\"dayOfWeek\":[\"Saturday\",\"Sunday\"],\"opens\":\"00:00\",\"closes\":\"00:00\"}],\"vatID\":\"NL855004988B02\"},{\"@type\":\"PostalAddress\",\"@id\":\"https:\\\/\\\/koeweitoliehandel.nl\\\/cookies\\\/#local-main-place-address\",\"streetAddress\":\"Asfaltstraat 20\",\"addressLocality\":\"Lelystad\",\"postalCode\":\"8211AC\",\"addressRegion\":\"Flevoland\",\"addressCountry\":\"NL\"},{\"@type\":\"ImageObject\",\"inLanguage\":\"de\",\"@id\":\"https:\\\/\\\/koeweitoliehandel.nl\\\/cookies\\\/#local-main-organization-logo\",\"url\":\"https:\\\/\\\/koeweitoliehandel.nl\\\/wp-content\\\/uploads\\\/2024\\\/12\\\/logo-1-1.png\",\"contentUrl\":\"https:\\\/\\\/koeweitoliehandel.nl\\\/wp-content\\\/uploads\\\/2024\\\/12\\\/logo-1-1.png\",\"width\":254,\"height\":78,\"caption\":\"Koeweit Oliehandel\"}]}<\/script>\n<meta name=\"geo.placename\" content=\"Lelystad\" \/>\n<meta name=\"geo.position\" content=\"52.53274437452525;5.524614241850977\" \/>\n<meta name=\"geo.region\" content=\"Niederlande\" \/>\n<!-- \/ Yoast SEO Premium plugin. -->","yoast_head_json":{"title":"Cookies - Koeweit \u00d6lhandel","robots":{"index":"noindex","follow":"follow"},"og_locale":"de_DE","og_type":"article","og_title":"Cookies","og_description":"Cookies","og_url":"https:\/\/koeweitoliehandel.nl\/de\/cookies\/","og_site_name":"Koeweit Oliehandel","article_modified_time":"2025-04-18T14:18:04+00:00","og_image":[{"width":2560,"height":1920,"url":"https:\/\/koeweitoliehandel.nl\/wp-content\/uploads\/IMG_0162-scaled.jpeg","type":"image\/jpeg"}],"twitter_card":"summary_large_image","twitter_misc":{"Gesch\u00e4tzte Lesezeit":"4\u00a0Minuten"},"schema":{"@context":"https:\/\/schema.org","@graph":[{"@type":"WebPage","@id":"https:\/\/koeweitoliehandel.nl\/cookies\/","url":"https:\/\/koeweitoliehandel.nl\/cookies\/","name":"Cookies - Koeweit \u00d6lhandel","isPartOf":{"@id":"https:\/\/koeweitoliehandel.nl\/#website"},"primaryImageOfPage":{"@id":"https:\/\/koeweitoliehandel.nl\/cookies\/#primaryimage"},"image":{"@id":"https:\/\/koeweitoliehandel.nl\/cookies\/#primaryimage"},"thumbnailUrl":"https:\/\/koeweitoliehandel.nl\/wp-content\/uploads\/IMG_0162-scaled.jpeg","datePublished":"2024-12-09T09:55:10+00:00","dateModified":"2025-04-18T14:18:04+00:00","breadcrumb":{"@id":"https:\/\/koeweitoliehandel.nl\/cookies\/#breadcrumb"},"inLanguage":"de","potentialAction":[{"@type":"ReadAction","target":["https:\/\/koeweitoliehandel.nl\/cookies\/"]}]},{"@type":"ImageObject","inLanguage":"de","@id":"https:\/\/koeweitoliehandel.nl\/cookies\/#primaryimage","url":"https:\/\/koeweitoliehandel.nl\/wp-content\/uploads\/IMG_0162-scaled.jpeg","contentUrl":"https:\/\/koeweitoliehandel.nl\/wp-content\/uploads\/IMG_0162-scaled.jpeg","width":2560,"height":1920,"caption":"Over ons Kantoor Koeweit Oliehandel in Lelystad"},{"@type":"BreadcrumbList","@id":"https:\/\/koeweitoliehandel.nl\/cookies\/#breadcrumb","itemListElement":[{"@type":"ListItem","position":1,"name":"Home","item":"https:\/\/koeweitoliehandel.nl\/"},{"@type":"ListItem","position":2,"name":"Cookies"}]},{"@type":"WebSite","@id":"https:\/\/koeweitoliehandel.nl\/#website","url":"https:\/\/koeweitoliehandel.nl\/","name":"Kuwait \u00d6lhandel","description":"Koeweit Oil Trade ist der Sammler von \u00d6labfallstr\u00f6men f\u00fcr die Industrie und die Automobilindustrie!","publisher":{"@id":"https:\/\/koeweitoliehandel.nl\/#organization"},"potentialAction":[{"@type":"SearchAction","target":{"@type":"EntryPoint","urlTemplate":"https:\/\/koeweitoliehandel.nl\/?s={search_term_string}"},"query-input":{"@type":"PropertyValueSpecification","valueRequired":true,"valueName":"search_term_string"}}],"inLanguage":"de"},{"@type":["Organization","Place"],"@id":"https:\/\/koeweitoliehandel.nl\/#organization","name":"Kuwait \u00d6lhandel","url":"https:\/\/koeweitoliehandel.nl\/","logo":{"@id":"https:\/\/koeweitoliehandel.nl\/cookies\/#local-main-organization-logo"},"image":{"@id":"https:\/\/koeweitoliehandel.nl\/cookies\/#local-main-organization-logo"},"sameAs":["https:\/\/www.linkedin.com\/company\/koeweit-oliehandel\/"],"description":"Die Abfallwirtschaft ist eine Herausforderung f\u00fcr jedes Unternehmen. Wir sind hier, um diese Herausforderung einfach und verantwortungsvoll zu l\u00f6sen. Koeweit Oil Trade ist auf die Sammlung und Aufbereitung verschiedener \u00d6labfallstr\u00f6me f\u00fcr die Industrie und die Automobilindustrie spezialisiert!","legalName":"Koeweit Oliehandel B.V.","foundingDate":"1947-01-01","numberOfEmployees":{"@type":"QuantitativeValue","minValue":"11","maxValue":"50"},"address":{"@id":"https:\/\/koeweitoliehandel.nl\/cookies\/#local-main-place-address"},"geo":{"@type":"GeoCoordinates","latitude":"52.53274437452525","longitude":"5.524614241850977"},"telephone":[],"contactPoint":{"@type":"ContactPoint","telephone":"+31 320 248 161","email":"info@koeweitoliehandel.nl"},"openingHoursSpecification":[{"@type":"OpeningHoursSpecification","dayOfWeek":["Monday","Tuesday","Wednesday","Thursday","Friday"],"opens":"08:00","closes":"16:30"},{"@type":"OpeningHoursSpecification","dayOfWeek":["Saturday","Sunday"],"opens":"00:00","closes":"00:00"}],"vatID":"NL855004988B02"},{"@type":"PostalAddress","@id":"https:\/\/koeweitoliehandel.nl\/cookies\/#local-main-place-address","streetAddress":"Asfaltstraat 20","addressLocality":"Lelystad","postalCode":"8211AC","addressRegion":"Flevoland","addressCountry":"NL"},{"@type":"ImageObject","inLanguage":"de","@id":"https:\/\/koeweitoliehandel.nl\/cookies\/#local-main-organization-logo","url":"https:\/\/koeweitoliehandel.nl\/wp-content\/uploads\/2024\/12\/logo-1-1.png","contentUrl":"https:\/\/koeweitoliehandel.nl\/wp-content\/uploads\/2024\/12\/logo-1-1.png","width":254,"height":78,"caption":"Koeweit Oliehandel"}]},"geo.placename":"Lelystad","geo.position":{"lat":"52.53274437452525","long":"5.524614241850977"},"geo.region":"Niederlande"},"_links":{"self":[{"href":"https:\/\/koeweitoliehandel.nl\/de\/wp-json\/wp\/v2\/pages\/313","targetHints":{"allow":["GET"]}}],"collection":[{"href":"https:\/\/koeweitoliehandel.nl\/de\/wp-json\/wp\/v2\/pages"}],"about":[{"href":"https:\/\/koeweitoliehandel.nl\/de\/wp-json\/wp\/v2\/types\/page"}],"author":[{"embeddable":true,"href":"https:\/\/koeweitoliehandel.nl\/de\/wp-json\/wp\/v2\/users\/1"}],"replies":[{"embeddable":true,"href":"https:\/\/koeweitoliehandel.nl\/de\/wp-json\/wp\/v2\/comments?post=313"}],"version-history":[{"count":0,"href":"https:\/\/koeweitoliehandel.nl\/de\/wp-json\/wp\/v2\/pages\/313\/revisions"}],"wp:featuredmedia":[{"embeddable":true,"href":"https:\/\/koeweitoliehandel.nl\/de\/wp-json\/wp\/v2\/media\/701"}],"wp:attachment":[{"href":"https:\/\/koeweitoliehandel.nl\/de\/wp-json\/wp\/v2\/media?parent=313"}],"curies":[{"name":"wp","href":"https:\/\/api.w.org\/{rel}","templated":true}]}}